{"id":280,"date":"2025-09-29T18:19:06","date_gmt":"2025-09-29T18:19:06","guid":{"rendered":"https:\/\/observatorioia.fcsh.unl.pt\/?page_id=280"},"modified":"2025-10-05T10:17:10","modified_gmt":"2025-10-05T10:17:10","slug":"formacao","status":"publish","type":"page","link":"https:\/\/observatorioia.fcsh.unl.pt\/?page_id=280","title":{"rendered":"Forma\u00e7\u00e3o"},"content":{"rendered":"\n<div class=\"wp-block-cover alignfull is-light\" style=\"min-height:296px;aspect-ratio:unset;\"><img loading=\"lazy\" decoding=\"async\" width=\"1877\" height=\"471\" class=\"wp-block-cover__image-background wp-image-379 size-full\" alt=\"\" src=\"https:\/\/observatorioia.fcsh.unl.pt\/wp-content\/uploads\/2025\/10\/formacao.png\" data-object-fit=\"cover\" srcset=\"https:\/\/observatorioia.fcsh.unl.pt\/wp-content\/uploads\/2025\/10\/formacao.png 1877w, https:\/\/observatorioia.fcsh.unl.pt\/wp-content\/uploads\/2025\/10\/formacao-300x75.png 300w, https:\/\/observatorioia.fcsh.unl.pt\/wp-content\/uploads\/2025\/10\/formacao-1024x257.png 1024w, https:\/\/observatorioia.fcsh.unl.pt\/wp-content\/uploads\/2025\/10\/formacao-768x193.png 768w, https:\/\/observatorioia.fcsh.unl.pt\/wp-content\/uploads\/2025\/10\/formacao-1536x385.png 1536w\" sizes=\"auto, (max-width: 1877px) 100vw, 1877px\" \/><span aria-hidden=\"true\" class=\"wp-block-cover__background has-background-dim-0 has-background-dim\" style=\"background-color:#92857f\"><\/span><div class=\"wp-block-cover__inner-container has-global-padding is-layout-constrained wp-block-cover-is-layout-constrained\">\n<p class=\"has-text-align-center\"><\/p>\n<\/div><\/div>\n\n\n\n<p class=\"has-medium-font-size\">O Observat\u00f3rio desenvolve a\u00e7\u00f5es de forma\u00e7\u00e3o que capacitam cidad\u00e3os, profissionais e decisores para compreender e atuar de forma cr\u00edtica e informada no contexto da Intelig\u00eancia Artificial e dos dados digitais. Apostamos numa abordagem acess\u00edvel, rigorosa e adaptada aos diferentes p\u00fablicos.<\/p>\n\n\n\n<p class=\"has-medium-font-size\"><strong>Forma\u00e7\u00f5es abertas<\/strong><br>Cursos dirigidos ao p\u00fablico em geral ou a profissionais de setores espec\u00edficos, com inscri\u00e7\u00f5es individuais.<\/p>\n\n\n\n<p class=\"has-medium-font-size\">Exemplo IA no Ensino e Educa\u00e7\u00e3o<\/p>\n\n\n\n<p class=\"has-medium-font-size\"><strong>Forma\u00e7\u00e3o Especializada<\/strong><br>A\u00e7\u00f5es desenvolvidas em parceria com institui\u00e7\u00f5es e ajustadas a contextos espec\u00edficos.<\/p>\n\n\n\n<p class=\"has-medium-font-size\">Aveiro<\/p>\n\n\n\n<p class=\"has-medium-font-size\">Instituto Superior Militar<\/p>\n\n\n\n<p class=\"has-medium-font-size\"><strong>Workshops<\/strong><br>Sess\u00f5es de curta dura\u00e7\u00e3o focadas em temas concretos.<\/p>\n\n\n\n<p class=\"has-medium-font-size\"><strong>Jornalistas<\/strong><\/p>\n\n\n\n<p class=\"has-medium-font-size\"><strong>Forma\u00e7\u00e3o graduada<\/strong><br>Brevemente dispon\u00edvel.<\/p>\n\n\n\n<p><\/p>\n","protected":false},"excerpt":{"rendered":"<p>O Observat\u00f3rio desenvolve a\u00e7\u00f5es de forma\u00e7\u00e3o que capacitam cidad\u00e3os, profissionais e decisores para compreender e atuar de forma cr\u00edtica e informada no contexto da Intelig\u00eancia Artificial e dos dados digitais. Apostamos numa abordagem acess\u00edvel, rigorosa e adaptada aos diferentes p\u00fablicos. Forma\u00e7\u00f5es abertasCursos dirigidos ao p\u00fablico em geral ou a profissionais de setores espec\u00edficos, com inscri\u00e7\u00f5es [&hellip;]<\/p>\n","protected":false},"author":3,"featured_media":0,"parent":0,"menu_order":0,"comment_status":"closed","ping_status":"closed","template":"","meta":{"footnotes":""},"class_list":["post-280","page","type-page","status-publish","hentry"],"_links":{"self":[{"href":"https:\/\/observatorioia.fcsh.unl.pt\/index.php?rest_route=\/wp\/v2\/pages\/280","targetHints":{"allow":["GET"]}}],"collection":[{"href":"https:\/\/observatorioia.fcsh.unl.pt\/index.php?rest_route=\/wp\/v2\/pages"}],"about":[{"href":"https:\/\/observatorioia.fcsh.unl.pt\/index.php?rest_route=\/wp\/v2\/types\/page"}],"author":[{"embeddable":true,"href":"https:\/\/observatorioia.fcsh.unl.pt\/index.php?rest_route=\/wp\/v2\/users\/3"}],"replies":[{"embeddable":true,"href":"https:\/\/observatorioia.fcsh.unl.pt\/index.php?rest_route=%2Fwp%2Fv2%2Fcomments&post=280"}],"version-history":[{"count":5,"href":"https:\/\/observatorioia.fcsh.unl.pt\/index.php?rest_route=\/wp\/v2\/pages\/280\/revisions"}],"predecessor-version":[{"id":382,"href":"https:\/\/observatorioia.fcsh.unl.pt\/index.php?rest_route=\/wp\/v2\/pages\/280\/revisions\/382"}],"wp:attachment":[{"href":"https:\/\/observatorioia.fcsh.unl.pt\/index.php?rest_route=%2Fwp%2Fv2%2Fmedia&parent=280"}],"curies":[{"name":"wp","href":"https:\/\/api.w.org\/{rel}","templated":true}]}}